{"id":4712,"date":"2023-01-12T00:49:24","date_gmt":"2023-01-12T00:49:24","guid":{"rendered":"https:\/\/essentiacountry.mx\/prospect-registration\/"},"modified":"2024-04-20T00:37:03","modified_gmt":"2024-04-20T00:37:03","slug":"prospect-registration","status":"publish","type":"page","link":"https:\/\/essentiacountry.mx\/en\/prospect-registration\/","title":{"rendered":"Prospect registration"},"content":{"rendered":"\t\t<div data-elementor-type=\"wp-page\" data-elementor-id=\"4712\" class=\"elementor elementor-4712 elementor-3630\" data-elementor-post-type=\"page\">\n\t\t\t\t\t\t<section class=\"elementor-section elementor-top-section elementor-element elementor-element-0cd4035 elementor-section-stretched elementor-section-boxed elementor-section-height-default elementor-section-height-default\" data-id=\"0cd4035\" data-element_type=\"section\" data-e-type=\"section\" data-settings=\"{&quot;stretch_section&quot;:&quot;section-stretched&quot;,&quot;background_background&quot;:&quot;classic&quot;}\">\n\t\t\t\t\t\t<div class=\"elementor-container elementor-column-gap-default\">\n\t\t\t\t\t<div class=\"elementor-column elementor-col-100 elementor-top-column elementor-element elementor-element-725134f\" data-id=\"725134f\" data-element_type=\"column\" data-e-type=\"column\" data-settings=\"{&quot;background_background&quot;:&quot;classic&quot;}\">\n\t\t\t<div class=\"elementor-widget-wrap elementor-element-populated\">\n\t\t\t\t\t\t<div class=\"elementor-element elementor-element-3a56633 elementor-widget elementor-widget-heading\" data-id=\"3a56633\" data-element_type=\"widget\" data-e-type=\"widget\" data-widget_type=\"heading.default\">\n\t\t\t\t<div class=\"elementor-widget-container\">\n\t\t\t\t\t<h1 class=\"elementor-heading-title elementor-size-default\">Prospect Registration<\/h1>\t\t\t\t<\/div>\n\t\t\t\t<\/div>\n\t\t\t\t\t<\/div>\n\t\t<\/div>\n\t\t\t\t\t<\/div>\n\t\t<\/section>\n\t\t\t\t<section class=\"elementor-section elementor-top-section elementor-element elementor-element-1c212ce elementor-section-stretched elementor-section-boxed elementor-section-height-default elementor-section-height-default\" data-id=\"1c212ce\" data-element_type=\"section\" data-e-type=\"section\" data-settings=\"{&quot;stretch_section&quot;:&quot;section-stretched&quot;}\">\n\t\t\t\t\t\t<div class=\"elementor-container elementor-column-gap-default\">\n\t\t\t\t\t<div class=\"elementor-column elementor-col-100 elementor-top-column elementor-element elementor-element-a2cff27\" data-id=\"a2cff27\" data-element_type=\"column\" data-e-type=\"column\">\n\t\t\t<div class=\"elementor-widget-wrap elementor-element-populated\">\n\t\t\t\t\t\t<div class=\"elementor-element elementor-element-aa69c83 elementor-widget elementor-widget-wpforms\" data-id=\"aa69c83\" data-element_type=\"widget\" data-e-type=\"widget\" data-widget_type=\"wpforms.default\">\n\t\t\t\t<div class=\"elementor-widget-container\">\n\t\t\t\t\t<div class=\"wpforms-container wpforms-container-full\" id=\"wpforms-4892\"><form id=\"wpforms-form-4892\" class=\"wpforms-validate wpforms-form wpforms-ajax-form\" data-formid=\"4892\" method=\"post\" enctype=\"multipart\/form-data\" action=\"\/en\/wp-json\/wp\/v2\/pages\/4712\" data-token=\"06048e2a75005b79259b7a5c202c2947\" data-token-time=\"1777558541\"><noscript class=\"wpforms-error-noscript\">Please enable JavaScript in your browser to complete this form.<\/noscript><div class=\"wpforms-field-container\"><div id=\"wpforms-4892-field_1-container\" class=\"wpforms-field wpforms-field-text\" data-field-id=\"1\"><label class=\"wpforms-field-label\" for=\"wpforms-4892-field_1\">Nombre de Prospecto <span class=\"wpforms-required-label\">*<\/span><\/label><input type=\"text\" id=\"wpforms-4892-field_1\" class=\"wpforms-field-large wpforms-field-required\" name=\"wpforms[fields][1]\" required><\/div><div id=\"wpforms-4892-field_2-container\" class=\"wpforms-field wpforms-field-select wpforms-field-select-style-classic\" data-field-id=\"2\"><label class=\"wpforms-field-label\" for=\"wpforms-4892-field_2\">Estado de Residencia<\/label><select id=\"wpforms-4892-field_2\" class=\"wpforms-field-large\" name=\"wpforms[fields][2]\"><option value=\"Aguascalientes\"  class=\"choice-4 depth-1\"  >Aguascalientes<\/option><option value=\"Baja California\"  class=\"choice-5 depth-1\"  >Baja California<\/option><option value=\"Baja California Sur\"  class=\"choice-6 depth-1\"  >Baja California Sur<\/option><option value=\"Campeche\"  class=\"choice-7 depth-1\"  >Campeche<\/option><option value=\"Chiapas\"  class=\"choice-8 depth-1\"  >Chiapas<\/option><option value=\"Chihuahua\"  class=\"choice-9 depth-1\"  >Chihuahua<\/option><option value=\"Coahuila\"  class=\"choice-10 depth-1\"  >Coahuila<\/option><option value=\"Colima\"  class=\"choice-11 depth-1\"  >Colima<\/option><option value=\"CDMX\"  class=\"choice-12 depth-1\"  >CDMX<\/option><option value=\"Durango\"  class=\"choice-13 depth-1\"  >Durango<\/option><option value=\"Estado de M\u00e9xico\"  class=\"choice-14 depth-1\"  >Estado de M\u00e9xico<\/option><option value=\"Guanajuato\"  class=\"choice-15 depth-1\"  >Guanajuato<\/option><option value=\"Guerrero\"  class=\"choice-16 depth-1\"  >Guerrero<\/option><option value=\"Hidalgo\"  class=\"choice-17 depth-1\"  >Hidalgo<\/option><option value=\"Jalisco\"  class=\"choice-18 depth-1\"  >Jalisco<\/option><option value=\"Michoac\u00e1n\"  class=\"choice-19 depth-1\"  >Michoac\u00e1n<\/option><option value=\"Morelos\"  class=\"choice-20 depth-1\"  >Morelos<\/option><option value=\"Nayarit\"  class=\"choice-21 depth-1\"  >Nayarit<\/option><option value=\"Nuevo Le\u00f3n\"  class=\"choice-22 depth-1\"  >Nuevo Le\u00f3n<\/option><option value=\"Oaxaca\"  class=\"choice-23 depth-1\"  >Oaxaca<\/option><option value=\"Puebla\"  class=\"choice-24 depth-1\"  >Puebla<\/option><option value=\"Quer\u00e9taro\"  class=\"choice-25 depth-1\"  >Quer\u00e9taro<\/option><option value=\"Quintana Roo\"  class=\"choice-26 depth-1\"  >Quintana Roo<\/option><option value=\"San Luis Potos\u00ed\"  class=\"choice-27 depth-1\"  >San Luis Potos\u00ed<\/option><option value=\"Sinaloa\"  class=\"choice-28 depth-1\"  >Sinaloa<\/option><option value=\"Sonora\"  class=\"choice-29 depth-1\"  >Sonora<\/option><option value=\"Tabasco\"  class=\"choice-30 depth-1\"  >Tabasco<\/option><option value=\"Tamaulipas\"  class=\"choice-31 depth-1\"  >Tamaulipas<\/option><option value=\"Tlaxcala\"  class=\"choice-32 depth-1\"  >Tlaxcala<\/option><option value=\"Veracruz\"  class=\"choice-33 depth-1\"  >Veracruz<\/option><option value=\"Yucat\u00e1n\"  class=\"choice-34 depth-1\"  >Yucat\u00e1n<\/option><option value=\"Zacatecas\"  class=\"choice-35 depth-1\"  >Zacatecas<\/option><\/select><\/div><div id=\"wpforms-4892-field_3-container\" class=\"wpforms-field wpforms-field-phone\" data-field-id=\"3\"><label class=\"wpforms-field-label\" for=\"wpforms-4892-field_3\">Tel\u00e9fono <span class=\"wpforms-required-label\">*<\/span><\/label><input type=\"tel\" id=\"wpforms-4892-field_3\" class=\"wpforms-field-large wpforms-field-required wpforms-smart-phone-field\" data-rule-smart-phone-field=\"true\" name=\"wpforms[fields][3]\" aria-label=\"Tel\u00e9fono\" required><\/div><div id=\"wpforms-4892-field_4-container\" class=\"wpforms-field wpforms-field-email\" data-field-id=\"4\"><label class=\"wpforms-field-label\" for=\"wpforms-4892-field_4\">Email <span class=\"wpforms-required-label\">*<\/span><\/label><input type=\"email\" id=\"wpforms-4892-field_4\" class=\"wpforms-field-large wpforms-field-required\" name=\"wpforms[fields][4]\" spellcheck=\"false\" required><\/div><div id=\"wpforms-4892-field_5-container\" class=\"wpforms-field wpforms-field-date-time\" data-field-id=\"5\"><label class=\"wpforms-field-label\" for=\"wpforms-4892-field_5\">Fecha de Registro <span class=\"wpforms-required-label\">*<\/span><\/label><div class=\"wpforms-datepicker-wrap\"><input type=\"text\" id=\"wpforms-4892-field_5\" class=\"wpforms-field-date-time-date wpforms-datepicker wpforms-field-required wpforms-field-large\" data-date-format=\"m\/d\/Y\" data-disable-past-dates=\"0\" data-input=\"true\" name=\"wpforms[fields][5][date]\" required><a title=\"Clear Date\" data-clear role=\"button\" tabindex=\"0\" class=\"wpforms-datepicker-clear\" aria-label=\"Clear Date\" style=\"display:none;\"><\/a><\/div><\/div><div id=\"wpforms-4892-field_6-container\" class=\"wpforms-field wpforms-field-radio wpforms-list-2-columns\" data-field-id=\"6\"><label class=\"wpforms-field-label\">\u00bfTiene inter\u00e9s de invertir en una propiedad? <\/label><ul id=\"wpforms-4892-field_6\"><li class=\"choice-1 depth-1\"><input type=\"radio\" id=\"wpforms-4892-field_6_1\" name=\"wpforms[fields][6]\" value=\"Si\"  ><label class=\"wpforms-field-label-inline\" for=\"wpforms-4892-field_6_1\">Si<\/label><\/li><li class=\"choice-2 depth-1\"><input type=\"radio\" id=\"wpforms-4892-field_6_2\" name=\"wpforms[fields][6]\" value=\"No\"  ><label class=\"wpforms-field-label-inline\" for=\"wpforms-4892-field_6_2\">No<\/label><\/li><\/ul><\/div><div id=\"wpforms-4892-field_7-container\" class=\"wpforms-field wpforms-field-select wpforms-conditional-trigger wpforms-field-select-style-classic\" data-field-id=\"7\"><label class=\"wpforms-field-label\" for=\"wpforms-4892-field_7\">Ciudad de Inter\u00e9s<\/label><select id=\"wpforms-4892-field_7\" class=\"wpforms-field-large\" name=\"wpforms[fields][7]\"><option value=\"CDMX\"  class=\"choice-1 depth-1\"  >CDMX<\/option><option value=\"GUERRERO\"  class=\"choice-2 depth-1\"  >GUERRERO<\/option><option value=\"GUADALAJARA\"  class=\"choice-3 depth-1\"  >GUADALAJARA<\/option><option value=\"NAYARIT\"  class=\"choice-4 depth-1\"  >NAYARIT<\/option><option value=\"QUER\u00c9TARO\"  class=\"choice-5 depth-1\"  >QUER\u00c9TARO<\/option><option value=\"MAZATL\u00c1N\"  class=\"choice-6 depth-1\"  >MAZATL\u00c1N<\/option><option value=\"VERACRUZ\"  class=\"choice-7 depth-1\"  >VERACRUZ<\/option><\/select><\/div><div id=\"wpforms-4892-field_8-container\" class=\"wpforms-field wpforms-field-select wpforms-conditional-field wpforms-conditional-show wpforms-field-select-style-classic\" data-field-id=\"8\" style=\"display:none;\"><label class=\"wpforms-field-label wpforms-label-hide\" for=\"wpforms-4892-field_8\">Proyectos en CDMX<\/label><select id=\"wpforms-4892-field_8\" class=\"wpforms-field-medium\" name=\"wpforms[fields][8]\"><option value=\"TORRE 300\"  class=\"choice-1 depth-1\"  >TORRE 300<\/option><option value=\"V\u00cdA RESIDENCES\"  class=\"choice-2 depth-1\"  >V\u00cdA RESIDENCES<\/option><\/select><\/div><div id=\"wpforms-4892-field_9-container\" class=\"wpforms-field wpforms-field-select wpforms-conditional-field wpforms-conditional-show wpforms-field-select-style-classic\" data-field-id=\"9\" style=\"display:none;\"><label class=\"wpforms-field-label wpforms-label-hide\" for=\"wpforms-4892-field_9\">Proyectos en Guerrero<\/label><select id=\"wpforms-4892-field_9\" class=\"wpforms-field-medium\" name=\"wpforms[fields][9]\"><option value=\"DITELLA\"  class=\"choice-1 depth-1\"  >DITELLA<\/option><option value=\"CAPRI\"  class=\"choice-2 depth-1\"  >CAPRI<\/option><option value=\"MARE\"  class=\"choice-4 depth-1\"  >MARE<\/option><option value=\"OCEAN ONE\"  class=\"choice-5 depth-1\"  >OCEAN ONE<\/option><option value=\"AZUR\"  class=\"choice-6 depth-1\"  >AZUR<\/option><option value=\"PEN\u00cdNSULA IXTAPA\"  class=\"choice-7 depth-1\"  >PEN\u00cdNSULA IXTAPA<\/option><\/select><\/div><div id=\"wpforms-4892-field_10-container\" class=\"wpforms-field wpforms-field-select wpforms-conditional-field wpforms-conditional-show wpforms-field-select-style-classic\" data-field-id=\"10\" style=\"display:none;\"><label class=\"wpforms-field-label wpforms-label-hide\" for=\"wpforms-4892-field_10\">Proyectos en Guadalajara<\/label><select id=\"wpforms-4892-field_10\" class=\"wpforms-field-medium\" name=\"wpforms[fields][10]\"><option value=\"CIMA PARK 800\"  class=\"choice-1 depth-1\"  >CIMA PARK 800<\/option><option value=\"CAUDA\"  class=\"choice-2 depth-1\"  >CAUDA<\/option><option value=\"HIDALGO\"  class=\"choice-4 depth-1\"  >HIDALGO<\/option><option value=\"DISTRITO CHAPULTEPEC\"  class=\"choice-5 depth-1\"  >DISTRITO CHAPULTEPEC<\/option><option value=\"GARIBALDI\"  class=\"choice-6 depth-1\"  >GARIBALDI<\/option><option value=\"URBANIA\"  class=\"choice-7 depth-1\"  >URBANIA<\/option><option value=\"VIANTO\"  class=\"choice-8 depth-1\"  >VIANTO<\/option><option value=\"BRELIA\"  class=\"choice-9 depth-1\"  >BRELIA<\/option><\/select><\/div><div id=\"wpforms-4892-field_11-container\" class=\"wpforms-field wpforms-field-select wpforms-conditional-field wpforms-conditional-show wpforms-field-select-style-classic\" data-field-id=\"11\" style=\"display:none;\"><label class=\"wpforms-field-label wpforms-label-hide\" for=\"wpforms-4892-field_11\">Proyectos en Nayarit<\/label><select id=\"wpforms-4892-field_11\" class=\"wpforms-field-medium\" name=\"wpforms[fields][11]\"><option value=\"LIMU\"  class=\"choice-1 depth-1\"  >LIMU<\/option><option value=\"MAR\u00cdTIMA GOLF\"  class=\"choice-2 depth-1\"  >MAR\u00cdTIMA GOLF<\/option><option value=\"NARVAL\"  class=\"choice-4 depth-1\"  >NARVAL<\/option><option value=\"NA\u00daTICO\"  class=\"choice-5 depth-1\"  >NA\u00daTICO<\/option><option value=\"TIZATE\"  class=\"choice-6 depth-1\"  >TIZATE<\/option><option value=\"BOLONGO\"  class=\"choice-7 depth-1\"  >BOLONGO<\/option><option value=\"BOLONGO LOTES\"  class=\"choice-8 depth-1\"  >BOLONGO LOTES<\/option><option value=\"TAYAU\"  class=\"choice-9 depth-1\"  >TAYAU<\/option><option value=\"AMANCAY\"  class=\"choice-10 depth-1\"  >AMANCAY<\/option><\/select><\/div><div id=\"wpforms-4892-field_13-container\" class=\"wpforms-field wpforms-field-select wpforms-conditional-field wpforms-conditional-show wpforms-field-select-style-classic\" data-field-id=\"13\" style=\"display:none;\"><label class=\"wpforms-field-label wpforms-label-hide\" for=\"wpforms-4892-field_13\">Proyectos en Quer\u00e9taro<\/label><select id=\"wpforms-4892-field_13\" class=\"wpforms-field-medium\" name=\"wpforms[fields][13]\"><option value=\"HIGH PARK\"  class=\"choice-9 depth-1\"  >HIGH PARK<\/option><option value=\"HIGH PARK CORP\"  class=\"choice-10 depth-1\"  >HIGH PARK CORP<\/option><\/select><\/div><div id=\"wpforms-4892-field_12-container\" class=\"wpforms-field wpforms-field-select wpforms-conditional-field wpforms-conditional-show wpforms-field-select-style-classic\" data-field-id=\"12\" style=\"display:none;\"><label class=\"wpforms-field-label wpforms-label-hide\" for=\"wpforms-4892-field_12\">Proyectos en Mazatl\u00e1n<\/label><select id=\"wpforms-4892-field_12\" class=\"wpforms-field-medium\" name=\"wpforms[fields][12]\"><option value=\"MAZATL\u00c1N\"  class=\"choice-9 depth-1\"  >MAZATL\u00c1N<\/option><\/select><\/div><div id=\"wpforms-4892-field_14-container\" class=\"wpforms-field wpforms-field-select wpforms-conditional-field wpforms-conditional-show wpforms-field-select-style-classic\" data-field-id=\"14\" style=\"display:none;\"><label class=\"wpforms-field-label wpforms-label-hide\" for=\"wpforms-4892-field_14\">Proyectos en Veracruz<\/label><select id=\"wpforms-4892-field_14\" class=\"wpforms-field-medium\" name=\"wpforms[fields][14]\"><option value=\"VERACRUZ\"  class=\"choice-9 depth-1\"  >VERACRUZ<\/option><\/select><\/div><div id=\"wpforms-4892-field_15-container\" class=\"wpforms-field wpforms-field-radio\" data-field-id=\"15\"><label class=\"wpforms-field-label\">Presupuesto de Inversi\u00f3n<\/label><ul id=\"wpforms-4892-field_15\"><li class=\"choice-1 depth-1\"><input type=\"radio\" id=\"wpforms-4892-field_15_1\" name=\"wpforms[fields][15]\" value=\"Hasta $4,000,000.\"  ><label class=\"wpforms-field-label-inline\" for=\"wpforms-4892-field_15_1\">Hasta $4,000,000.<\/label><\/li><li class=\"choice-2 depth-1\"><input type=\"radio\" id=\"wpforms-4892-field_15_2\" name=\"wpforms[fields][15]\" value=\"de $4,000,001. a $6,000,000.\"  ><label class=\"wpforms-field-label-inline\" for=\"wpforms-4892-field_15_2\">de $4,000,001. a $6,000,000.<\/label><\/li><li class=\"choice-3 depth-1\"><input type=\"radio\" id=\"wpforms-4892-field_15_3\" name=\"wpforms[fields][15]\" value=\"$6,000,001. a $8,000,000.\"  ><label class=\"wpforms-field-label-inline\" for=\"wpforms-4892-field_15_3\">$6,000,001. a $8,000,000.<\/label><\/li><li class=\"choice-4 depth-1\"><input type=\"radio\" id=\"wpforms-4892-field_15_4\" name=\"wpforms[fields][15]\" value=\"$8,000,001. a $10,000,000.\"  ><label class=\"wpforms-field-label-inline\" for=\"wpforms-4892-field_15_4\">$8,000,001. a $10,000,000.<\/label><\/li><li class=\"choice-5 depth-1\"><input type=\"radio\" id=\"wpforms-4892-field_15_5\" name=\"wpforms[fields][15]\" value=\"$10,000,001. o m\u00e1s.\"  ><label class=\"wpforms-field-label-inline\" for=\"wpforms-4892-field_15_5\">$10,000,001. o m\u00e1s.<\/label><\/li><\/ul><\/div><div id=\"wpforms-4892-field_16-container\" class=\"wpforms-field wpforms-field-radio wpforms-list-2-columns\" data-field-id=\"16\"><label class=\"wpforms-field-label\">\u00bfC\u00f3mo te enteraste de nuestros desarrollos?  <span class=\"wpforms-required-label\">*<\/span><\/label><ul id=\"wpforms-4892-field_16\" class=\"wpforms-field-required\"><li class=\"choice-1 depth-1\"><input type=\"radio\" id=\"wpforms-4892-field_16_1\" name=\"wpforms[fields][16]\" value=\"Un asesor\" required ><label class=\"wpforms-field-label-inline\" for=\"wpforms-4892-field_16_1\">Un asesor<\/label><\/li><li class=\"choice-2 depth-1\"><input type=\"radio\" id=\"wpforms-4892-field_16_2\" name=\"wpforms[fields][16]\" value=\"Un amigo\" required ><label class=\"wpforms-field-label-inline\" for=\"wpforms-4892-field_16_2\">Un amigo<\/label><\/li><li class=\"choice-3 depth-1\"><input type=\"radio\" id=\"wpforms-4892-field_16_3\" name=\"wpforms[fields][16]\" value=\"Revista o peri\u00f3dico\" required ><label class=\"wpforms-field-label-inline\" for=\"wpforms-4892-field_16_3\">Revista o peri\u00f3dico<\/label><\/li><li class=\"choice-4 depth-1\"><input type=\"radio\" id=\"wpforms-4892-field_16_4\" name=\"wpforms[fields][16]\" value=\"Facebook\" required ><label class=\"wpforms-field-label-inline\" for=\"wpforms-4892-field_16_4\">Facebook<\/label><\/li><li class=\"choice-5 depth-1\"><input type=\"radio\" id=\"wpforms-4892-field_16_5\" name=\"wpforms[fields][16]\" value=\"Web\" required ><label class=\"wpforms-field-label-inline\" for=\"wpforms-4892-field_16_5\">Web<\/label><\/li><li class=\"choice-6 depth-1\"><input type=\"radio\" id=\"wpforms-4892-field_16_6\" name=\"wpforms[fields][16]\" value=\"Vi el desarrollo\" required ><label class=\"wpforms-field-label-inline\" for=\"wpforms-4892-field_16_6\">Vi el desarrollo<\/label><\/li><li class=\"choice-8 depth-1\"><input type=\"radio\" id=\"wpforms-4892-field_16_8\" name=\"wpforms[fields][16]\" value=\"Espectacular\" required ><label class=\"wpforms-field-label-inline\" for=\"wpforms-4892-field_16_8\">Espectacular<\/label><\/li><li class=\"choice-9 depth-1\"><input type=\"radio\" id=\"wpforms-4892-field_16_9\" name=\"wpforms[fields][16]\" value=\"Anuncio de internet\" required ><label class=\"wpforms-field-label-inline\" for=\"wpforms-4892-field_16_9\">Anuncio de internet<\/label><\/li><li class=\"choice-10 depth-1\"><input type=\"radio\" id=\"wpforms-4892-field_16_10\" name=\"wpforms[fields][16]\" value=\"Instagram\" required ><label class=\"wpforms-field-label-inline\" for=\"wpforms-4892-field_16_10\">Instagram<\/label><\/li><li class=\"choice-11 depth-1\"><input type=\"radio\" id=\"wpforms-4892-field_16_11\" name=\"wpforms[fields][16]\" value=\"Invitaci\u00f3n a un evento\" required ><label class=\"wpforms-field-label-inline\" for=\"wpforms-4892-field_16_11\">Invitaci\u00f3n a un evento<\/label><\/li><\/ul><\/div><div id=\"wpforms-4892-field_17-container\" class=\"wpforms-field wpforms-field-select wpforms-field-select-style-classic\" data-field-id=\"17\"><label class=\"wpforms-field-label\" for=\"wpforms-4892-field_17\">Inmobiliaria<\/label><select id=\"wpforms-4892-field_17\" class=\"wpforms-field-large\" name=\"wpforms[fields][17]\"><option value=\"PEN\u00cdNSULA LIFESTYLE PROPERTIES\"  class=\"choice-1 depth-1\"  >PEN\u00cdNSULA LIFESTYLE PROPERTIES<\/option><option value=\"CUVECUBICA\"  class=\"choice-2 depth-1\"  >CUVECUBICA<\/option><option value=\"INVERSTATE\"  class=\"choice-3 depth-1\"  >INVERSTATE<\/option><option value=\"HIGH ESTATE\"  class=\"choice-4 depth-1\"  >HIGH ESTATE<\/option><option value=\"PROMODESA\"  class=\"choice-5 depth-1\"  >PROMODESA<\/option><option value=\"INTERAMERICAN\"  class=\"choice-6 depth-1\"  >INTERAMERICAN<\/option><option value=\"S\u00cd REAL ESTATE\"  class=\"choice-7 depth-1\"  >S\u00cd REAL ESTATE<\/option><option value=\"REIS\"  class=\"choice-8 depth-1\"  >REIS<\/option><option value=\"HOME INVEST\"  class=\"choice-9 depth-1\"  >HOME INVEST<\/option><option value=\"BROKERS &amp; BROTHERS\"  class=\"choice-10 depth-1\"  >BROKERS &amp; BROTHERS<\/option><option value=\"PERALTA ESTATE\"  class=\"choice-11 depth-1\"  >PERALTA ESTATE<\/option><option value=\"GRINSA INMOBILARIA\"  class=\"choice-12 depth-1\"  >GRINSA INMOBILARIA<\/option><\/select><\/div><div id=\"wpforms-4892-field_18-container\" class=\"wpforms-field wpforms-field-text\" data-field-id=\"18\"><label class=\"wpforms-field-label\" for=\"wpforms-4892-field_18\">Nombre del vendedor<\/label><input type=\"text\" id=\"wpforms-4892-field_18\" class=\"wpforms-field-large\" name=\"wpforms[fields][18]\" ><\/div><\/div><!-- .wpforms-field-container --><div class=\"wpforms-recaptcha-container wpforms-is-recaptcha wpforms-is-recaptcha-type-v3\" ><input type=\"hidden\" name=\"wpforms[recaptcha]\" value=\"\"><\/div><div class=\"wpforms-submit-container\" ><input type=\"hidden\" name=\"wpforms[id]\" value=\"4892\"><input type=\"hidden\" name=\"page_title\" value=\"\"><input type=\"hidden\" name=\"page_url\" value=\"https:\/\/essentiacountry.mx\/en\/wp-json\/wp\/v2\/pages\/4712\"><input type=\"hidden\" name=\"url_referer\" value=\"\"><button type=\"submit\" name=\"wpforms[submit]\" id=\"wpforms-submit-4892\" class=\"wpforms-submit\" data-alt-text=\"Enviando...\" data-submit-text=\"Enviar\" aria-live=\"assertive\" value=\"wpforms-submit\">Enviar<\/button><img decoding=\"async\" src=\"https:\/\/essentiacountry.mx\/wp-content\/plugins\/wpforms\/assets\/images\/submit-spin.svg\" class=\"wpforms-submit-spinner\" style=\"display: none;\" width=\"26\" height=\"26\" alt=\"Loading\"><\/div><\/form><\/div>  <!-- .wpforms-container -->\t\t\t\t<\/div>\n\t\t\t\t<\/div>\n\t\t\t\t\t<\/div>\n\t\t<\/div>\n\t\t\t\t\t<\/div>\n\t\t<\/section>\n\t\t\t\t<\/div>\n\t\t","protected":false},"excerpt":{"rendered":"<p>Prospect Registration Por favor, activa JavaScript en tu navegador para completar este formulario.Nombre de Prospecto *Estado de ResidenciaAguascalientesBaja CaliforniaBaja California SurCampecheChiapasChihuahuaCoahuilaColimaCDMXDurangoEstado de M\u00e9xicoGuanajuatoGuerreroHidalgoJaliscoMichoac\u00e1nMorelosNayaritNuevo Le\u00f3nOaxacaPueblaQuer\u00e9taroQuintana RooSan Luis Potos\u00edSinaloaSonoraTabascoTamaulipasTlaxcalaVeracruzYucat\u00e1nZacatecasTel\u00e9fono *Email *Fecha de Registro *\u00bfTiene inter\u00e9s de invertir en una propiedad? Si No Ciudad de Inter\u00e9sCDMXGUERREROGUADALAJARANAYARITQUER\u00c9TAROMAZATL\u00c1NVERACRUZProyectos en CDMXTORRE 300V\u00cdA RESIDENCESProyectos en GuerreroDITELLACAPRIMAREOCEAN ONEAZURPEN\u00cdNSULA IXTAPAProyectos en GuadalajaraCIMA PARK 800CAUDAHIDALGODISTRITO [&hellip;]<\/p>\n","protected":false},"author":1,"featured_media":0,"parent":0,"menu_order":0,"comment_status":"closed","ping_status":"closed","template":"elementor_header_footer","meta":{"footnotes":""},"class_list":["post-4712","page","type-page","status-publish","hentry"],"_links":{"self":[{"href":"https:\/\/essentiacountry.mx\/en\/wp-json\/wp\/v2\/pages\/4712","targetHints":{"allow":["GET"]}}],"collection":[{"href":"https:\/\/essentiacountry.mx\/en\/wp-json\/wp\/v2\/pages"}],"about":[{"href":"https:\/\/essentiacountry.mx\/en\/wp-json\/wp\/v2\/types\/page"}],"author":[{"embeddable":true,"href":"https:\/\/essentiacountry.mx\/en\/wp-json\/wp\/v2\/users\/1"}],"replies":[{"embeddable":true,"href":"https:\/\/essentiacountry.mx\/en\/wp-json\/wp\/v2\/comments?post=4712"}],"version-history":[{"count":8,"href":"https:\/\/essentiacountry.mx\/en\/wp-json\/wp\/v2\/pages\/4712\/revisions"}],"predecessor-version":[{"id":5043,"href":"https:\/\/essentiacountry.mx\/en\/wp-json\/wp\/v2\/pages\/4712\/revisions\/5043"}],"wp:attachment":[{"href":"https:\/\/essentiacountry.mx\/en\/wp-json\/wp\/v2\/media?parent=4712"}],"curies":[{"name":"wp","href":"https:\/\/api.w.org\/{rel}","templated":true}]}}